{"id":13,"date":"2017-10-17T14:40:46","date_gmt":"2017-10-17T14:40:46","guid":{"rendered":"http:\/\/www.bruhin-partner.ch\/?page_id=13"},"modified":"2025-02-02T10:42:56","modified_gmt":"2025-02-02T10:42:56","slug":"startseite","status":"publish","type":"page","link":"https:\/\/www.bruhin-partner.ch\/","title":{"rendered":"Startseite"},"content":{"rendered":"<p><strong>Willkommen<\/strong><\/p>\n<p>Ich bedanke mich f\u00fcr Ihr Interesse und hoffe, dass Sie die von Ihnen gesuchten Informationen finden. F\u00fcr weitere Ausk\u00fcnfte stehe ich Ihnen gerne pers\u00f6nlich zur Verf\u00fcgung.<\/p>\n<p class=\"moz-signature\"><span style=\"color: #ff00ff;\">Bitte beachten: <\/span><\/p>\n<p class=\"moz-signature\"><span style=\"color: #ff00ff;\">Ab 01.02.2025 ist die B\u00fcro-Festnetz-Nummer 055 445 15 10 nicht mehr aufgeschaltet. Telefonische Kontakt-Aufnahme ab diesem Datum bitte \u00fcber die bestehende <\/span><span style=\"color: #ff00ff;\">Mobile-Nr. 076 200 11 20. <\/span><\/p>\n<p class=\"moz-signature\"><span style=\"color: #ff00ff;\">Besten Dank f\u00fcr die Kenntnisnahme.<\/span><\/p>\n<p>Karl Bruhin<\/p>\n<p>Planer Hochbau EFZ<br \/>\nEidg. dipl. Bauleiter HFP<\/p>\n","protected":false},"excerpt":{"rendered":"<p>Willkommen Ich bedanke mich f\u00fcr Ihr Interesse und hoffe, dass Sie die von Ihnen gesuchten Informationen finden. F\u00fcr weitere Ausk\u00fcnfte stehe ich Ihnen gerne pers\u00f6nlich zur Verf\u00fcgung. Bitte beachten: Ab 01.02.2025 ist die B\u00fcro-Festnetz-Nummer 055 445 15 10 nicht mehr aufgeschaltet. Telefonische Kontakt-Aufnahme ab diesem Datum bitte \u00fcber die bestehende Mobile-Nr. 076 200 11 20. &hellip; <\/p>\n<p class=\"link-more\"><a href=\"https:\/\/www.bruhin-partner.ch\/\" class=\"more-link\"><span class=\"screen-reader-text\">\u201eStartseite\u201c <\/span>weiterlesen<\/a><\/p>\n","protected":false},"author":2,"featured_media":0,"parent":0,"menu_order":0,"comment_status":"closed","ping_status":"closed","template":"","meta":{"ngg_post_thumbnail":0,"footnotes":""},"class_list":["post-13","page","type-page","status-publish","hentry"],"_links":{"self":[{"href":"https:\/\/www.bruhin-partner.ch\/index.php?rest_route=\/wp\/v2\/pages\/13","targetHints":{"allow":["GET"]}}],"collection":[{"href":"https:\/\/www.bruhin-partner.ch\/index.php?rest_route=\/wp\/v2\/pages"}],"about":[{"href":"https:\/\/www.bruhin-partner.ch\/index.php?rest_route=\/wp\/v2\/types\/page"}],"author":[{"embeddable":true,"href":"https:\/\/www.bruhin-partner.ch\/index.php?rest_route=\/wp\/v2\/users\/2"}],"replies":[{"embeddable":true,"href":"https:\/\/www.bruhin-partner.ch\/index.php?rest_route=%2Fwp%2Fv2%2Fcomments&post=13"}],"version-history":[{"count":10,"href":"https:\/\/www.bruhin-partner.ch\/index.php?rest_route=\/wp\/v2\/pages\/13\/revisions"}],"predecessor-version":[{"id":484,"href":"https:\/\/www.bruhin-partner.ch\/index.php?rest_route=\/wp\/v2\/pages\/13\/revisions\/484"}],"wp:attachment":[{"href":"https:\/\/www.bruhin-partner.ch\/index.php?rest_route=%2Fwp%2Fv2%2Fmedia&parent=13"}],"curies":[{"name":"wp","href":"https:\/\/api.w.org\/{rel}","templated":true}]}}