{"id":15,"date":"2017-10-17T14:41:46","date_gmt":"2017-10-17T14:41:46","guid":{"rendered":"http:\/\/www.bruhin-partner.ch\/?page_id=15"},"modified":"2025-02-02T10:54:08","modified_gmt":"2025-02-02T10:54:08","slug":"buero","status":"publish","type":"page","link":"https:\/\/www.bruhin-partner.ch\/?page_id=15","title":{"rendered":"B\u00fcro"},"content":{"rendered":"<p><img loading=\"lazy\" decoding=\"async\" class=\"size-full wp-image-123 alignleft\" src=\"http:\/\/www.bruhin-partner.ch\/wp-content\/uploads\/2017\/10\/K_Office-new_a_450_300.jpg\" alt=\"\" width=\"450\" height=\"300\" srcset=\"https:\/\/www.bruhin-partner.ch\/wp-content\/uploads\/2017\/10\/K_Office-new_a_450_300.jpg 450w, https:\/\/www.bruhin-partner.ch\/wp-content\/uploads\/2017\/10\/K_Office-new_a_450_300-300x200.jpg 300w\" sizes=\"auto, (max-width: 450px) 100vw, 450px\" \/>Meine Aufgabe besteht darin, die W\u00fcnsche und Vorstellungen meiner Auftraggeber:Innen in ausf\u00fchrlichen Gespr\u00e4chen zu erfassen und diese danach visuell, als auch in Form von Zahlen umzusetzen.<\/p>\n<p>Die immer wieder neue Herausforderung, Bed\u00fcrfnisse und W\u00fcnsche herauszuh\u00f6ren, jedes mal auf neue Menschen und Aufgaben einzugehen, stellen f\u00fcr mich den Reiz dieses Berufes dar.<\/p>\n<p>Aufgrund der rasanten Entwicklung der verschiedenen Baukonstruktionen, der vielf\u00e4ltigen sich wandelnden Baumaterialien und insbesondere der sensiblere Umgang mit den Themen Baubiologie \/ Bau\u00f6kologie, lassen in diesem Beruf keine Langeweile aufkommen. Und letztendlich seien die Baunormen sowie Baugesetze erw\u00e4hnt, welche ebenfalls immer wieder angepasst (jedoch selten vereinfacht) werden und folglich ber\u00fccksichtigt werden m\u00fcssen.<\/p>\n<p><strong>Ausbildung:<\/strong><br \/>\n1980 &#8211; 1984&nbsp; &nbsp;Ausbildung Hochbauzeichner<br \/>\n1984 &#8211; 1986&nbsp; &nbsp;Zusatz-Ausbildung Maurer<br \/>\n1986 &#8211; 1990&nbsp; &nbsp;Berufsbegl. Ausbildung zum eidg. dipl. Bauleiter HFP<\/p>\n<p><strong>Firma:<br \/>\n<\/strong>1986 Gr\u00fcndung Kollektiv-Firma <em>Bruhin &amp; Peruzzo Architektur und Planung<\/em> mit Sitz in 8854 Siebnen<br \/>\n1990 Verlegung des Gesch\u00e4ftssitzes nach 8856 Tuggen<br \/>\n1992 Umwandlung der Firma in eine Aktiengesellschaft<br \/>\n1995 \u00dcbernahme s\u00e4mtlicher Aktien durch Karl Bruhin, sowie Namens\u00e4nderung auf:&nbsp; &nbsp; &nbsp; &nbsp; &nbsp; &nbsp; &nbsp; &nbsp; &nbsp; &nbsp; &nbsp; &nbsp; &nbsp; &nbsp; &nbsp; &nbsp; &nbsp; &nbsp; &nbsp; &nbsp; &nbsp; &nbsp; &nbsp; &nbsp; &nbsp;<em>BRUHIN + PARTNER Architektur und Planungs AG<\/em><\/p>\n<p><strong>Personelles:<\/strong><br \/>\nMeine Frau unterst\u00fctzt mich von Beginn an im Backoffice. Ansonsten arbeite ich seit Mitte 1999 alleine in meinem Betrieb.<\/p>\n<p><strong>T\u00e4tigkeitsbereiche:<br \/>\n<\/strong>Das Spektrum meiner beruflichen T\u00e4tigkeit umfasst zum Einen den Wohnungsbau (Einfamilienh\u00e4user als auch Mehrfamilienh\u00e4user). In der Vergangenheit waren dies etwas mehr Neubauprojekte als Umbauten.<br \/>\nDes weiteren werde ich auch immer wieder mit Auftr\u00e4gen f\u00fcr Neubau-\/ Umbau oder Erweiterungen von Gewerbebauten betraut.<\/p>\n<p style=\"text-align: left;\"><strong><img loading=\"lazy\" decoding=\"async\" class=\"alignleft wp-image-151 size-full\" src=\"http:\/\/www.bruhin-partner.ch\/wp-content\/uploads\/2017\/10\/Buero_02_450_300.jpg\" alt=\"\" width=\"450\" height=\"300\" srcset=\"https:\/\/www.bruhin-partner.ch\/wp-content\/uploads\/2017\/10\/Buero_02_450_300.jpg 450w, https:\/\/www.bruhin-partner.ch\/wp-content\/uploads\/2017\/10\/Buero_02_450_300-300x200.jpg 300w\" sizes=\"auto, (max-width: 450px) 100vw, 450px\" \/>Beratung:<\/strong><br \/>\nGrundst\u00fcck-\/ und Immobilien-Erwerb, Vertragswesen, Pr\u00fcfung von GU-Kaufvertr\u00e4gen, Bau-\/ und<br \/>\nKonstruktions-beschrieben, Objekt-besichtigungen<\/p>\n<p style=\"text-align: left;\"><strong style=\"font-size: 1rem;\"><img loading=\"lazy\" decoding=\"async\" class=\"size-full wp-image-158 alignleft\" src=\"http:\/\/www.bruhin-partner.ch\/wp-content\/uploads\/2017\/10\/Buero_03_450_300.jpg\" alt=\"\" width=\"450\" height=\"300\" srcset=\"https:\/\/www.bruhin-partner.ch\/wp-content\/uploads\/2017\/10\/Buero_03_450_300.jpg 450w, https:\/\/www.bruhin-partner.ch\/wp-content\/uploads\/2017\/10\/Buero_03_450_300-300x200.jpg 300w\" sizes=\"auto, (max-width: 450px) 100vw, 450px\" \/><\/strong><\/p>\n<p style=\"text-align: left;\"><strong style=\"font-size: 1rem;\">Konzepte:&nbsp;<\/strong><br \/>\nBebauungskonzepte, Kostenberechnungen.<\/p>\n<p style=\"text-align: left;\"><strong>Planung:<\/strong><br \/>\nStudien, Projekt-\/ und Ausf\u00fchrungsplanung als Teil-\/&nbsp; oder Gesamtleistungspaket.<\/p>\n<p style=\"text-align: left;\"><strong><img loading=\"lazy\" decoding=\"async\" class=\"alignleft size-full wp-image-129\" src=\"http:\/\/www.bruhin-partner.ch\/wp-content\/uploads\/2017\/10\/Buero_01_450_300.jpg\" alt=\"\" width=\"450\" height=\"300\" srcset=\"https:\/\/www.bruhin-partner.ch\/wp-content\/uploads\/2017\/10\/Buero_01_450_300.jpg 450w, https:\/\/www.bruhin-partner.ch\/wp-content\/uploads\/2017\/10\/Buero_01_450_300-300x200.jpg 300w\" sizes=\"auto, (max-width: 450px) 100vw, 450px\" \/>Bauleitung:&nbsp;<\/strong><br \/>\nAls externe unabh\u00e4ngige Position<br \/>\noder Teil eines Gesamtauftrages.<\/p>\n<p><strong>Baubegleitung:<\/strong><br \/>\nAusf\u00fchrungs-\/ Qualit\u00e4tskontrolle als externe, unabh\u00e4ngige Position bei Erwerb von sog. schl\u00fcsselfertigen Objekten. Begleitung von Objekt\u00fcbergaben und Abnahmen.<\/p>\n<p>Nutzen Sie mein Wissen und profitieren Sie von meiner Erfahrung. Ihre Zufriedenheit ist mir ein Anliegen.<\/p>\n","protected":false},"excerpt":{"rendered":"<p>Meine Aufgabe besteht darin, die W\u00fcnsche und Vorstellungen meiner Auftraggeber:Innen in ausf\u00fchrlichen Gespr\u00e4chen zu erfassen und diese danach visuell, als auch in Form von Zahlen umzusetzen. Die immer wieder neue Herausforderung, Bed\u00fcrfnisse und W\u00fcnsche herauszuh\u00f6ren, jedes mal auf neue Menschen und Aufgaben einzugehen, stellen f\u00fcr mich den Reiz dieses Berufes dar. Aufgrund der rasanten Entwicklung &hellip; <\/p>\n<p class=\"link-more\"><a href=\"https:\/\/www.bruhin-partner.ch\/?page_id=15\" class=\"more-link\"><span class=\"screen-reader-text\">\u201eB\u00fcro\u201c <\/span>weiterlesen<\/a><\/p>\n","protected":false},"author":2,"featured_media":0,"parent":0,"menu_order":0,"comment_status":"closed","ping_status":"closed","template":"","meta":{"ngg_post_thumbnail":0,"footnotes":""},"class_list":["post-15","page","type-page","status-publish","hentry"],"_links":{"self":[{"href":"https:\/\/www.bruhin-partner.ch\/index.php?rest_route=\/wp\/v2\/pages\/15","targetHints":{"allow":["GET"]}}],"collection":[{"href":"https:\/\/www.bruhin-partner.ch\/index.php?rest_route=\/wp\/v2\/pages"}],"about":[{"href":"https:\/\/www.bruhin-partner.ch\/index.php?rest_route=\/wp\/v2\/types\/page"}],"author":[{"embeddable":true,"href":"https:\/\/www.bruhin-partner.ch\/index.php?rest_route=\/wp\/v2\/users\/2"}],"replies":[{"embeddable":true,"href":"https:\/\/www.bruhin-partner.ch\/index.php?rest_route=%2Fwp%2Fv2%2Fcomments&post=15"}],"version-history":[{"count":97,"href":"https:\/\/www.bruhin-partner.ch\/index.php?rest_route=\/wp\/v2\/pages\/15\/revisions"}],"predecessor-version":[{"id":490,"href":"https:\/\/www.bruhin-partner.ch\/index.php?rest_route=\/wp\/v2\/pages\/15\/revisions\/490"}],"wp:attachment":[{"href":"https:\/\/www.bruhin-partner.ch\/index.php?rest_route=%2Fwp%2Fv2%2Fmedia&parent=15"}],"curies":[{"name":"wp","href":"https:\/\/api.w.org\/{rel}","templated":true}]}}