{"id":19,"date":"2017-10-17T14:41:05","date_gmt":"2017-10-17T14:41:05","guid":{"rendered":"http:\/\/www.bruhin-partner.ch\/?page_id=19"},"modified":"2017-10-27T13:54:45","modified_gmt":"2017-10-27T13:54:45","slug":"projekte","status":"publish","type":"page","link":"https:\/\/www.bruhin-partner.ch\/?page_id=19","title":{"rendered":"Projekte"},"content":{"rendered":"<p>Unten aufgef\u00fchrt finden Sie die Links zu den verschiedenen Photogallerien bzw. zur Projektliste:<\/p>\n<p><span style=\"font-size: 1rem;\">&gt; Link zur Unterseite\u00a0 \u00a0<\/span><a style=\"font-size: 1rem;\" href=\"http:\/\/www.bruhin-partner.ch\/?page_id=25\"><strong>Neubauten<br \/>\n<\/strong><\/a>&gt; Link zur Unterseite\u00a0 \u00a0<a href=\"http:\/\/www.bruhin-partner.ch\/?page_id=27\"><strong>Umbauten<\/strong><\/a><br \/>\n&gt; Link zur Unterseite\u00a0 \u00a0<a href=\"http:\/\/www.bruhin-partner.ch\/?page_id=276\"><strong>Diverse Photos<\/strong><\/a><br \/>\n&gt; Link zur Unterseite\u00a0 \u00a0<a href=\"http:\/\/www.bruhin-partner.ch\/?page_id=29\"><strong>Projektliste<\/strong><\/a><\/p>\n<p>Hinweise:<br \/>\n&gt; Klick auf ein Vorschaubild in der Gallerie, startet die Diashow (3 Sek.Intervall)<br \/>\n&gt; Manuelles Weiterbl\u00e4ttern durch Klick auf die Vor- und R\u00fcckw\u00e4rtspfeile.<\/p>\n<p>&nbsp;<\/p>\n<p>&nbsp;<\/p>\n","protected":false},"excerpt":{"rendered":"<p>Unten aufgef\u00fchrt finden Sie die Links zu den verschiedenen Photogallerien bzw. zur Projektliste: &gt; Link zur Unterseite\u00a0 \u00a0Neubauten &gt; Link zur Unterseite\u00a0 \u00a0Umbauten &gt; Link zur Unterseite\u00a0 \u00a0Diverse Photos &gt; Link zur Unterseite\u00a0 \u00a0Projektliste Hinweise: &gt; Klick auf ein Vorschaubild in der Gallerie, startet die Diashow (3 Sek.Intervall) &gt; Manuelles Weiterbl\u00e4ttern durch Klick auf die &hellip; <\/p>\n<p class=\"link-more\"><a href=\"https:\/\/www.bruhin-partner.ch\/?page_id=19\" class=\"more-link\"><span class=\"screen-reader-text\">\u201eProjekte\u201c <\/span>weiterlesen<\/a><\/p>\n","protected":false},"author":2,"featured_media":0,"parent":0,"menu_order":0,"comment_status":"closed","ping_status":"closed","template":"","meta":{"ngg_post_thumbnail":0,"footnotes":""},"class_list":["post-19","page","type-page","status-publish","hentry"],"_links":{"self":[{"href":"https:\/\/www.bruhin-partner.ch\/index.php?rest_route=\/wp\/v2\/pages\/19","targetHints":{"allow":["GET"]}}],"collection":[{"href":"https:\/\/www.bruhin-partner.ch\/index.php?rest_route=\/wp\/v2\/pages"}],"about":[{"href":"https:\/\/www.bruhin-partner.ch\/index.php?rest_route=\/wp\/v2\/types\/page"}],"author":[{"embeddable":true,"href":"https:\/\/www.bruhin-partner.ch\/index.php?rest_route=\/wp\/v2\/users\/2"}],"replies":[{"embeddable":true,"href":"https:\/\/www.bruhin-partner.ch\/index.php?rest_route=%2Fwp%2Fv2%2Fcomments&post=19"}],"version-history":[{"count":12,"href":"https:\/\/www.bruhin-partner.ch\/index.php?rest_route=\/wp\/v2\/pages\/19\/revisions"}],"predecessor-version":[{"id":301,"href":"https:\/\/www.bruhin-partner.ch\/index.php?rest_route=\/wp\/v2\/pages\/19\/revisions\/301"}],"wp:attachment":[{"href":"https:\/\/www.bruhin-partner.ch\/index.php?rest_route=%2Fwp%2Fv2%2Fmedia&parent=19"}],"curies":[{"name":"wp","href":"https:\/\/api.w.org\/{rel}","templated":true}]}}