{"id":29,"date":"2017-10-17T14:40:56","date_gmt":"2017-10-17T14:40:56","guid":{"rendered":"http:\/\/www.bruhin-partner.ch\/?page_id=29"},"modified":"2025-11-07T09:42:03","modified_gmt":"2025-11-07T09:42:03","slug":"projektliste","status":"publish","type":"page","link":"https:\/\/www.bruhin-partner.ch\/?page_id=29","title":{"rendered":"Projektliste"},"content":{"rendered":"<p>Nachfolgend aufgelistet finden Sie die von mir bearbeiteten Projekte.<br \/>\nAusf\u00fchrung&nbsp; 1986 &#8211; 2024:<\/p>\n<hr>\n<p>Renovation Dachwohnung,&nbsp; 8832 Wollerau<br \/>\nStudie \/ Vorprojekt Umbau + Erweiterung EFH, Haldenstrasse 8716 Schmerikon<br \/>\nRenovation Studio-Wohnung, Venusstrasse 8050 Z\u00fcrich<br \/>\nTeil-Renovation REFH, Laubegg 8045 Z\u00fcrich<br \/>\nRenovation 4.5 Z. Wohnung, Langr\u00fctistrasse 8706 Meilen<br \/>\nTeil-Renovation REFH, 8863 Buttikon<br \/>\nNeubau EFH mit Anbauten, Unterer Althof 8854 Siebnen<br \/>\nBebauungs-Studie MFH mit Tiefgarage, Unterer Althof 8854 Siebnen<br \/>\nInnen-Renovation REFH, Uetlibergstrasse 8045 Z\u00fcrich<\/p>\n<p>Teil-Renovation EFH, Birkenstrasse 8856 Tuggen<br \/>\nFassaden-Sanierung 2 MFH, Aubrigstrasse 8645 Jona<br \/>\nNeubau Pfadihaus, 8733 Eschenbach (Teilauftrag)<br \/>\nTeil-Renovation REFH, Buobenhofstrasse 8852 Altendorf<br \/>\nTeil-Renovation REFH, Chappelihof, 8863 Buttikon<br \/>\nVerkehrs-Erschliessung Baugrundst\u00fcck, 8803 R\u00fcschlikon<br \/>\nErweiterung \/ Umbau EFH Birchler Neubau Swimmingpool, 8865 Bilten<br \/>\nProjekt 2 MFH mit TG (16 Wohneinheiten), 8856 Tuggen<br \/>\nVorprojekt MFH mit TG (6 Wohneinheiten) 8803 R\u00fcschlikon<br \/>\nErweiterung Gewerbebau, Glarnerstrasse 8854 Siebnen<\/p>\n<p><span style=\"font-size: 1rem;\">Neubau MFH, 8835 Feusisberg (Ausf\u00fchrungs-Planung, Devis, BL, Admin)<br \/>\n<\/span>Neubau MFH, Eichholz 1, 8856 Tuggen<br \/>\nSanierung Zivilschutzanlage Gemeinde Tuggen<br \/>\nNeubau EFH, Genossenwiese, 8855 Wangen<br \/>\nNeubau EFH, Speerblick, 8855 Wangen<br \/>\nNeubau 6 MFH, Buechbergstr, 8856 Tuggen (Ausf.Planung, Devis, BL, Admin)<br \/>\nUmbau EFH, Speerstrasse, 8856 Tuggen (Bauleitung, Devis, Admin)<br \/>\nAufstockung B\u00fcrohaus, Nordring, 8854 Siebnen (Bauleitung, Devis, Admin)<br \/>\nInnen-Umbau EFH, Lerchenweg, 8835 Feusisberg<br \/>\nParzellierung + Erschliessung KTN 130, Zopfstrasse, 8855 Wangen<\/p>\n<p>Neubau 3 MFH mit Tiefgarage, Kleinlaui 2\/4\/6, Tuggen (Planung)<br \/>\nNeubau EFH, Quellenweg, 8856 Tuggen (Planung)<br \/>\nNeubau 3-fach Garage Birkenstrasse, Tuggen (Bauleitung, Devis, Admin)<br \/>\nInnen-Umbau EFH, Im Feld, 8856 Tuggen<br \/>\nAufstockung Gewerbebaute, Glarnerstrasse, Siebnen<br \/>\nNeubau 2-Fam.Haus mit B\u00fcro + Einlieger-Whng, R\u00f6merstrasse 2a, Tuggen<br \/>\nNeubau B\u00fcrogeb\u00e4ude, Nordring, 8854 Sieben (Bauleitung, Devis, Admin)<br \/>\nNeubau Schwimmbad-\u00dcberdachung, Birkenstr. Tuggen (BL, Devis, Admin)<br \/>\nNeubau 3 MFH mit Tiefgaragen, Birkenstrasse Tuggen (Bauleitung, Devis, Admin)<br \/>\nUmbau EFH, \u00c4uss. Bahnhofstrasse, Siebnen (Bauleitung, Devis, Admin)<\/p>\n<p>Neubau Neue Arbeits- und Lebensr\u00e4ume Montessori Schule March (Bauleitung)<br \/>\nNeubau EFH, Federistrasse, Sch\u00e4nis<br \/>\nNeubau EFH, Schlattgasse, Schmerikon<br \/>\nUm- und Anbau best. Wohnhaus, Zopfstrasse, Wangen<br \/>\nUmbau-Anbau EFH, Im Feld, Tuggen<br \/>\nNeubau EFH + Fabrikationsgeb\u00e4ude, Bachstrasse, Wolfhausen<br \/>\nAn-\/Umbau EFH, Stationsweg, Siebnen<br \/>\nNeubau EFH, Haldenstrasse, Schmerikon<br \/>\nMFH + 2 DEFH Ulmenweg, Tuggen<\/p>\n<p>Neubau EFH Gl\u00e4rnischstrasse, Tuggen<br \/>\nNeubau EFH Stockbergweg, Tuggen<br \/>\nNeubau EFH Pfarrweid, Tuggen<br \/>\nNeubau EFH Heiteristrasse, Tuggen<br \/>\nNeubau EFH Heiteristrasse, Tuggen<br \/>\nNeubau 7 EFH BG Sunned\u00f6rfli, Tuggen<br \/>\nNeubau 2-Fam.Haus Bollenberg, Tuggen<br \/>\nNeubau EFH Kessizopf, Tuggen<br \/>\nUmbau EFH Im Feld, Tuggen<br \/>\nAufstockung \/ Aussensanierung MFH, Feusisberg (Projekt)<\/p>\n<p>Aussensanierung Schulhaus Eneda Gemeinde Tuggen<br \/>\nGestaltungsplanung Baugebiet Kleinlaui, Tuggen<br \/>\nNeubau 5-Fam. Haus BG Birkenstrasse, Tuggen<br \/>\nNeubau EFH Peterliwiese, Wangen<br \/>\nGesamtsan. MFH mit 40 Wohnungen,&nbsp; Adlerstr. 1, 8854 Siebnen<br \/>\nAufstockung Wohnhaus Feusisberg<br \/>\nFassadensanierung Wohnhaus Linthstrasse, Tuggen<br \/>\nNeubau EFH Altendorf<br \/>\nNeubau 3 REFH BG Ringstrasse 1, Tuggen<br \/>\nNeubau Sportanlage Gemeinde Tuggen<\/p>\n<p>Sanierung 2 MFH STWEG Roosweid 4\/6, Wollerau<br \/>\nNeubau MFH \/ Tiefgarage BG M\u00fchleliweg, Tuggen<br \/>\nAnbau Lagerhalle Linthstrasse, Tuggen<br \/>\nEFH + 3 REFH mit Tiefgarage Im Feld 1-7, Tuggen<br \/>\nNeubau DEFH P. De Maria, Jona ( Projekt )<br \/>\nUm-\/Anbau 2-FamHaus Linthstrasse, Tuggen<br \/>\nNeubau EFH \u00dcetliburg<br \/>\nRenovation Schulhaus Dorfhalde Gemeinde Tuggen<br \/>\nUmbau EFH B\u00f6schenweg, Tuggen<\/p>\n<p>Umbau EFH Fam. Koller, Tuggen<br \/>\nNeubau EFH Peterliwiese, Wangen<br \/>\nNeubau EFH G. Vogt, Peterliwiese, Wangen<br \/>\n2 MFH mit Tiefgarage B. Veronelli, Wangen ( Projekt + Ausf\u00fchrungsplanung )<br \/>\nWohn-Gewerbehaus Fam. Bruhin, Einsiedeln ( Ausf.planung )<br \/>\nUmbau-Sanierung MFH IG Weibel \/ Bruhin, Siebnen<br \/>\nNeubau 2-Familienhaus R+R. Z\u00fcger, Nuolen<br \/>\nNeubau 2 MFH. Pfister, Ulmenweg, Tuggen (Projekt + Ausf\u00fchrungsplanung)<br \/>\nNeubau MFH Fam. W. Janser, Tuggen ( Projekt )<br \/>\nUm-\/ Anbau EFH P. St\u00f6ckli, Hurden (Baubegleitung )<\/p>\n<p>Neubau EFH W. H\u00fcppin, Peterliwiese, Wangen<br \/>\nNeubau EFH H. Vogt, Peterliwiese, Wangen<br \/>\nNeubau EFH R. Guntlin, Peterliwiese, Wangen<br \/>\nNeubau EFH K. Vogt, Peterliwiese, Wangen<br \/>\nSanierung 2 MFH STWEG Roosweid 8\/10, Wollerau<br \/>\nUmbau Wohnhaus und Pferdestall Dr. M. Saberi, Eschenbach<br \/>\nNeubau 2 EFH Fam. Fischer, Studen<br \/>\nSanierung EFH mit B\u00fcro B&amp;P, Tuggen<br \/>\nSanierung MFH, Reichenburg ( Bauleitung )<br \/>\nSanierung MFH, Buttikon ( Bauleitung )<\/p>\n<p>Neubau MFH Fam. K\u00e4lin, Eulenweg, Wilen-Wollerau<br \/>\nUmbau EFH Fam. Th. H\u00fcppin, Wangen<br \/>\nNeubau EFH R. Kistler, Reichenburg<br \/>\nNeubau DEFH B&amp;P, Kirchhaldenstrasse, Kaltbrunn<br \/>\nNeubau EFH Fam. U. Steffen, Steg ZH<br \/>\nUm-\/Anbau Restaurant Fam. Rickenbach, Niederurnen<br \/>\nNeubau 2 DEFH Konsortium B\u00e4renwiese, Sch\u00e4nis<br \/>\nUmbau Wohnhaus HP. Weiss, Siebnen<br \/>\nNeubau EFH B. Stocker-Weiss, Tuggen<br \/>\nNeubau EFH P. Bamert-Hubli, Wangen<\/p>\n","protected":false},"excerpt":{"rendered":"<p>Nachfolgend aufgelistet finden Sie die von mir bearbeiteten Projekte. Ausf\u00fchrung&nbsp; 1986 &#8211; 2024: Renovation Dachwohnung,&nbsp; 8832 Wollerau Studie \/ Vorprojekt Umbau + Erweiterung EFH, Haldenstrasse 8716 Schmerikon Renovation Studio-Wohnung, Venusstrasse 8050 Z\u00fcrich Teil-Renovation REFH, Laubegg 8045 Z\u00fcrich Renovation 4.5 Z. Wohnung, Langr\u00fctistrasse 8706 Meilen Teil-Renovation REFH, 8863 Buttikon Neubau EFH mit Anbauten, Unterer Althof 8854 &hellip; <\/p>\n<p class=\"link-more\"><a href=\"https:\/\/www.bruhin-partner.ch\/?page_id=29\" class=\"more-link\"><span class=\"screen-reader-text\">\u201eProjektliste\u201c <\/span>weiterlesen<\/a><\/p>\n","protected":false},"author":2,"featured_media":0,"parent":0,"menu_order":0,"comment_status":"closed","ping_status":"closed","template":"","meta":{"ngg_post_thumbnail":0,"footnotes":""},"class_list":["post-29","page","type-page","status-publish","hentry"],"_links":{"self":[{"href":"https:\/\/www.bruhin-partner.ch\/index.php?rest_route=\/wp\/v2\/pages\/29","targetHints":{"allow":["GET"]}}],"collection":[{"href":"https:\/\/www.bruhin-partner.ch\/index.php?rest_route=\/wp\/v2\/pages"}],"about":[{"href":"https:\/\/www.bruhin-partner.ch\/index.php?rest_route=\/wp\/v2\/types\/page"}],"author":[{"embeddable":true,"href":"https:\/\/www.bruhin-partner.ch\/index.php?rest_route=\/wp\/v2\/users\/2"}],"replies":[{"embeddable":true,"href":"https:\/\/www.bruhin-partner.ch\/index.php?rest_route=%2Fwp%2Fv2%2Fcomments&post=29"}],"version-history":[{"count":20,"href":"https:\/\/www.bruhin-partner.ch\/index.php?rest_route=\/wp\/v2\/pages\/29\/revisions"}],"predecessor-version":[{"id":495,"href":"https:\/\/www.bruhin-partner.ch\/index.php?rest_route=\/wp\/v2\/pages\/29\/revisions\/495"}],"wp:attachment":[{"href":"https:\/\/www.bruhin-partner.ch\/index.php?rest_route=%2Fwp%2Fv2%2Fmedia&parent=29"}],"curies":[{"name":"wp","href":"https:\/\/api.w.org\/{rel}","templated":true}]}}